{"id":7723,"date":"2026-03-11T12:25:50","date_gmt":"2026-03-11T10:25:50","guid":{"rendered":"https:\/\/idcolor.ee\/?post_type=product&#038;p=7723"},"modified":"2026-03-11T12:34:19","modified_gmt":"2026-03-11T10:34:19","slug":"k18-peptide-prep-dzili-attiross-sampuns-copy","status":"publish","type":"product","link":"https:\/\/idcolor.ee\/lv\/produkts\/k18-peptide-prep-dzili-attiross-sampuns-copy\/","title":{"rendered":"K18 PEPTIDE PREP\u2122 dzi\u013ci att\u012bro\u0161s \u0161amp\u016bns"},"content":{"rendered":"<div class=\"wpb-content-wrapper\"><p>[vc_row][vc_column][vc_row_inner][vc_column_inner width=&#8221;1\/4&#8243; offset=&#8221;vc_hidden-sm vc_hidden-xs&#8221; css=&#8221;.vc_custom_1643102572855{padding-right: 40% !important;}&#8221;][vc_single_image image=&#8221;4767&#8243; img_size=&#8221;full&#8221;][vc_empty_space height=&#8221;20px&#8221;][\/vc_column_inner][vc_column_inner width=&#8221;3\/4&#8243; css=&#8221;.vc_custom_1643102537405{padding-right: 70% !important;}&#8221; offset=&#8221;vc_hidden-lg vc_hidden-md&#8221;][vc_single_image image=&#8221;4767&#8243; img_size=&#8221;full&#8221;][vc_empty_space height=&#8221;20px&#8221;][\/vc_column_inner][\/vc_row_inner]<div class=\"nasa-title clearfix nasa-t hr-type-none\"><h4 class=\"nasa-heading-title\"><span class=\"nasa-title-wrap\"><span style=\"color: #000000;\">K18 PEPTIDE PREP\u2122 dzi\u013ci att\u012bro\u0161s \u0161amp\u016bns | 473 ml<\/span><\/span><\/h4><p class=\"nasa-title-desc\" style=\"color: #000000;\">SATUR PATENT\u0112TU K18 PEPT\u012aDU<\/p><\/div>[vc_empty_space height=&#8221;20px&#8221;][vc_separator][vc_empty_space height=&#8221;10px&#8221;][vc_column_text]Efekt\u012bvi no\u0146em uzkr\u0101ju\u0161\u0101s vielas, neboj\u0101jot kr\u0101su.<\/p>\n<h4><strong>KO T\u0100 DARA?<\/strong><\/h4>\n<p><strong>Dzi\u013ci att\u012bra matus un galvas \u0101du.<\/strong> Bl\u012bv\u0101s putas att\u012bra aizs\u0113r\u0113ju\u0161as poras, no\u0146emot net\u012brumus, e\u013c\u013cas, silikonus un citus matu kop\u0161anas produktu p\u0101rpalikumus.<br \/>\n<strong>Sagatavo matus, lai pan\u0101ktu vislab\u0101ko K18 PRO proced\u016bras rezult\u0101tu.<\/strong> T\u012bros matos viss iedarbojas lab\u0101k \u2013 proced\u016bras, kr\u0101sas, \u0137\u012bmiskie pakalpojumi un veido\u0161anas produkti.<br \/>\n<strong>Rada ide\u0101lu pamatu veseliem matiem.<\/strong> \u0160amp\u016bna sast\u0101v\u0101 nav pildvielu, kas boj\u0101tu matu un galvas \u0101das pH l\u012bdzsvaru.<\/p>\n<h4>K\u0100 T\u0100 STR\u0100D\u0100?<\/h4>\n<p><strong>Akt\u012bv\u0101s sast\u0101vda\u013cas no\u0146em matos uzkr\u0101ju\u0161\u0101s vielas, neveicot matu un galvas \u0101das p\u012blingu:<\/strong><\/p>\n<ul>\n<li><strong>\u012apa\u0161\u0101 sast\u0101va<\/strong> pamat\u0101 ir akt\u012bv\u0101s vielas, kur\u0101m l\u012bdz\u012bgas var sastap \u0101das kop\u0161anas l\u012bdzek\u013cos (bez pildviel\u0101m), t\u0101d\u0113\u013c t\u012bra efekt\u012bvi, neveicot matu p\u012blingu un nemainot to kr\u0101su.<\/li>\n<li><strong>Akt\u012bv\u0101 ogle<\/strong> absorb\u0113 toks\u012bnus, liek\u0101s e\u013c\u013cas un net\u012brumus gan no matiem, gan galvas \u0101das.<\/li>\n<li><strong>Salicilsk\u0101be<\/strong> iz\u0146em folikul\u0101s uzkr\u0101ju\u0161os taukus, saglab\u0101jot matos nepiecie\u0161amo mitrumu un lip\u012bdus.<\/li>\n<li>Mikrodoz\u0113tais <strong>K18Peptide\u2122<\/strong> samazina mazg\u0101\u0161anas laik\u0101 iesp\u0113jamo olbaltumvielu zudumu un uztur matus m\u012bkstus, stiprus, veselus un t\u012brus.<\/li>\n<\/ul>\n<p>[\/vc_column_text][vc_row_inner css=&#8221;.vc_custom_1641810793016{padding-bottom: 30px !important;}&#8221;][vc_column_inner width=&#8221;1\/2&#8243;][vc_empty_space height=&#8221;35px&#8221;][vc_column_text]<\/p>\n<h4><strong>LIETO\u0160ANA<\/strong><\/h4>\n<ol>\n<li>Lieto PEPTIDE PREP\u2122 dzi\u013ci att\u012bro\u0161o \u0161amp\u016bnu reizi ned\u0113\u013c\u0101 vai p\u0113c nepiecie\u0161am\u012bb.<\/li>\n<li>Iemas\u0113 \u0161amp\u016bnu matos un galvas \u0101d\u0101, lai no\u0146emtu uzkr\u0101ju\u0161\u0101s vielas.<\/li>\n<li>R\u016bp\u012bgi izskalo.<\/li>\n<li>Atk\u0101rto p\u0113c nepiecie\u0161am\u012bbas.<\/li>\n<\/ol>\n<p><strong>SMAR\u017dA<\/strong><br \/>\nAr svaigu citrusu arom\u0101tu.<\/p>\n<p><strong>NESATUR<\/strong> sulf\u0101tus, parab\u0113nus, ftal\u0101tu, lilijas aldeh\u012bdu, silikonus, m\u0101ksl\u012bgas kr\u0101sas, n\u0101trija hlor\u012bdu, formaldeh\u012bdu un t\u0101 produktus. <strong>Produkts ir veg\u0101ns, bez cietsird\u012bbas.<\/strong><\/p>\n<p><strong>Neboj\u0101 kr\u0101su.<\/strong><br \/>\n<strong>Nerada aler\u0123iju, dermatolo\u0123iski test\u0113ts (RIPT tests ar 50 test\u0113jamajiem).<\/strong><br \/>\n<strong>pH 3.8-4.2<\/strong>[\/vc_column_text][\/vc_column_inner][vc_column_inner width=&#8221;1\/2&#8243;][vc_empty_space height=&#8221;35px&#8221;][vc_single_image image=&#8221;7710&#8243; img_size=&#8221;full&#8221; alignment=&#8221;center&#8221; css=&#8221;&#8221;][\/vc_column_inner][\/vc_row_inner][vc_empty_space height=&#8221;35px&#8221;][vc_separator][vc_empty_space height=&#8221;20px&#8221;][vc_column_text]<\/p>\n<h4><strong>Lieto\u0161anas piesardz\u012bbas pas\u0101kumi:<\/strong><\/h4>\n<div class=\"accordion__copy--inner\" data-accordion-copy-text=\"\">\n<p>Izvairieties no saskares ar ac\u012bm. Tikai \u0101r\u012bgai lieto\u0161anai. Nev\u0113lamas reakcijas gad\u012bjum\u0101 p\u0101rtrauciet lieto\u0161anu un nekav\u0113joties sazinieties ar \u0101rstu. Glab\u0101jiet b\u0113rniem nepieejam\u0101 viet\u0101.<\/p>\n<\/div>\n<p>[\/vc_column_text][vc_empty_space height=&#8221;10px&#8221;][\/vc_column][\/vc_row]<\/p>\n<\/div>","protected":false},"excerpt":{"rendered":"<h5><strong>473 ml<\/strong><\/h5>\n<p>Efekt\u012bvi no\u0146em uzkr\u0101ju\u0161\u0101s vielas, neboj\u0101jot kr\u0101su. Akt\u012bv\u0101s sast\u0101vda\u013cas no\u0146em matos uzkr\u0101ju\u0161\u0101s vielas, neveicot matu un galvas \u0101das p\u012blingu.<\/p>\n<p>SATUR PATENT\u0112TU K18 PEPT\u012aDU<\/p>\n","protected":false},"featured_media":7727,"template":"","meta":[],"product_brand":[],"product_cat":[315],"product_tag":[],"class_list":{"0":"post-7723","1":"product","2":"type-product","3":"status-publish","4":"has-post-thumbnail","6":"product_cat-k18-hair-lv","8":"first","9":"instock","10":"taxable","11":"shipping-taxable","12":"purchasable","13":"product-type-simple"},"yoast_head":"<!-- This site is optimized with the Yoast SEO plugin v27.4 - https:\/\/yoast.com\/product\/yoast-seo-wordpress\/ -->\n<title>K18 PEPTIDE PREP\u2122 dzi\u013ci att\u012bro\u0161s \u0161amp\u016bns - iD Color<\/title>\n<meta name=\"description\" content=\"Efekt\u012bvi no\u0146em uzkr\u0101ju\u0161\u0101s vielas, neboj\u0101jot kr\u0101su.\" \/>\n<meta name=\"robots\" content=\"index, follow, max-snippet:-1, max-image-preview:large, max-video-preview:-1\" \/>\n<link rel=\"canonical\" href=\"https:\/\/idcolor.ee\/lv\/produkts\/k18-peptide-prep-dzili-attiross-sampuns-copy\/\" \/>\n<meta property=\"og:locale\" content=\"lv_LV\" \/>\n<meta property=\"og:type\" content=\"article\" \/>\n<meta property=\"og:title\" content=\"K18 PEPTIDE PREP\u2122 dzi\u013ci att\u012bro\u0161s \u0161amp\u016bns - iD Color\" \/>\n<meta property=\"og:description\" content=\"Efekt\u012bvi no\u0146em uzkr\u0101ju\u0161\u0101s vielas, neboj\u0101jot kr\u0101su.\" \/>\n<meta property=\"og:url\" content=\"https:\/\/idcolor.ee\/lv\/produkts\/k18-peptide-prep-dzili-attiross-sampuns-copy\/\" \/>\n<meta property=\"og:site_name\" content=\"iD Color\" \/>\n<meta property=\"article:modified_time\" content=\"2026-03-11T10:34:19+00:00\" \/>\n<meta property=\"og:image\" content=\"https:\/\/idcolor.ee\/wp-content\/uploads\/2026\/03\/K18_PeptidePrep_DetoxShampoo_473ml.jpg\" \/>\n\t<meta property=\"og:image:width\" content=\"1080\" \/>\n\t<meta property=\"og:image:height\" content=\"1080\" \/>\n\t<meta property=\"og:image:type\" content=\"image\/jpeg\" \/>\n<meta name=\"twitter:card\" content=\"summary_large_image\" \/>\n<meta name=\"twitter:label1\" content=\"Est. reading time\" \/>\n\t<meta name=\"twitter:data1\" content=\"3 minutes\" \/>\n<script type=\"application\/ld+json\" class=\"yoast-schema-graph\">{\"@context\":\"https:\\\/\\\/schema.org\",\"@graph\":[{\"@type\":\"WebPage\",\"@id\":\"https:\\\/\\\/idcolor.ee\\\/lv\\\/produkts\\\/k18-peptide-prep-dzili-attiross-sampuns-copy\\\/\",\"url\":\"https:\\\/\\\/idcolor.ee\\\/lv\\\/produkts\\\/k18-peptide-prep-dzili-attiross-sampuns-copy\\\/\",\"name\":\"K18 PEPTIDE PREP\u2122 dzi\u013ci att\u012bro\u0161s \u0161amp\u016bns - iD Color\",\"isPartOf\":{\"@id\":\"https:\\\/\\\/idcolor.ee\\\/lv\\\/#website\"},\"primaryImageOfPage\":{\"@id\":\"https:\\\/\\\/idcolor.ee\\\/lv\\\/produkts\\\/k18-peptide-prep-dzili-attiross-sampuns-copy\\\/#primaryimage\"},\"image\":{\"@id\":\"https:\\\/\\\/idcolor.ee\\\/lv\\\/produkts\\\/k18-peptide-prep-dzili-attiross-sampuns-copy\\\/#primaryimage\"},\"thumbnailUrl\":\"https:\\\/\\\/idcolor.ee\\\/wp-content\\\/uploads\\\/2026\\\/03\\\/K18_PeptidePrep_DetoxShampoo_473ml.jpg\",\"datePublished\":\"2026-03-11T10:25:50+00:00\",\"dateModified\":\"2026-03-11T10:34:19+00:00\",\"description\":\"Efekt\u012bvi no\u0146em uzkr\u0101ju\u0161\u0101s vielas, neboj\u0101jot kr\u0101su.\",\"breadcrumb\":{\"@id\":\"https:\\\/\\\/idcolor.ee\\\/lv\\\/produkts\\\/k18-peptide-prep-dzili-attiross-sampuns-copy\\\/#breadcrumb\"},\"inLanguage\":\"lv-LV\",\"potentialAction\":[{\"@type\":\"ReadAction\",\"target\":[\"https:\\\/\\\/idcolor.ee\\\/lv\\\/produkts\\\/k18-peptide-prep-dzili-attiross-sampuns-copy\\\/\"]}]},{\"@type\":\"ImageObject\",\"inLanguage\":\"lv-LV\",\"@id\":\"https:\\\/\\\/idcolor.ee\\\/lv\\\/produkts\\\/k18-peptide-prep-dzili-attiross-sampuns-copy\\\/#primaryimage\",\"url\":\"https:\\\/\\\/idcolor.ee\\\/wp-content\\\/uploads\\\/2026\\\/03\\\/K18_PeptidePrep_DetoxShampoo_473ml.jpg\",\"contentUrl\":\"https:\\\/\\\/idcolor.ee\\\/wp-content\\\/uploads\\\/2026\\\/03\\\/K18_PeptidePrep_DetoxShampoo_473ml.jpg\",\"width\":1080,\"height\":1080},{\"@type\":\"BreadcrumbList\",\"@id\":\"https:\\\/\\\/idcolor.ee\\\/lv\\\/produkts\\\/k18-peptide-prep-dzili-attiross-sampuns-copy\\\/#breadcrumb\",\"itemListElement\":[{\"@type\":\"ListItem\",\"position\":1,\"name\":\"Home\",\"item\":\"https:\\\/\\\/idcolor.ee\\\/lv\\\/majas-lapa\\\/\"},{\"@type\":\"ListItem\",\"position\":2,\"name\":\"Shop\",\"item\":\"https:\\\/\\\/idcolor.ee\\\/lv\\\/shop-2\\\/\"},{\"@type\":\"ListItem\",\"position\":3,\"name\":\"K18 PEPTIDE PREP\u2122 dzi\u013ci att\u012bro\u0161s \u0161amp\u016bns\"}]},{\"@type\":\"WebSite\",\"@id\":\"https:\\\/\\\/idcolor.ee\\\/lv\\\/#website\",\"url\":\"https:\\\/\\\/idcolor.ee\\\/lv\\\/\",\"name\":\"iD Color\",\"description\":\"Hair care products\",\"publisher\":{\"@id\":\"https:\\\/\\\/idcolor.ee\\\/lv\\\/#organization\"},\"potentialAction\":[{\"@type\":\"SearchAction\",\"target\":{\"@type\":\"EntryPoint\",\"urlTemplate\":\"https:\\\/\\\/idcolor.ee\\\/lv\\\/?s={search_term_string}\"},\"query-input\":{\"@type\":\"PropertyValueSpecification\",\"valueRequired\":true,\"valueName\":\"search_term_string\"}}],\"inLanguage\":\"lv-LV\"},{\"@type\":\"Organization\",\"@id\":\"https:\\\/\\\/idcolor.ee\\\/lv\\\/#organization\",\"name\":\"iD Color O\u00dc\",\"url\":\"https:\\\/\\\/idcolor.ee\\\/lv\\\/\",\"logo\":{\"@type\":\"ImageObject\",\"inLanguage\":\"lv-LV\",\"@id\":\"https:\\\/\\\/idcolor.ee\\\/lv\\\/#\\\/schema\\\/logo\\\/image\\\/\",\"url\":\"https:\\\/\\\/idcolor.ee\\\/wp-content\\\/uploads\\\/2022\\\/01\\\/IDColor_Logo_1000.png\",\"contentUrl\":\"https:\\\/\\\/idcolor.ee\\\/wp-content\\\/uploads\\\/2022\\\/01\\\/IDColor_Logo_1000.png\",\"width\":1001,\"height\":354,\"caption\":\"iD Color O\u00dc\"},\"image\":{\"@id\":\"https:\\\/\\\/idcolor.ee\\\/lv\\\/#\\\/schema\\\/logo\\\/image\\\/\"}}]}<\/script>\n<!-- \/ Yoast SEO plugin. -->","yoast_head_json":{"title":"K18 PEPTIDE PREP\u2122 dzi\u013ci att\u012bro\u0161s \u0161amp\u016bns - iD Color","description":"Efekt\u012bvi no\u0146em uzkr\u0101ju\u0161\u0101s vielas, neboj\u0101jot kr\u0101su.","robots":{"index":"index","follow":"follow","max-snippet":"max-snippet:-1","max-image-preview":"max-image-preview:large","max-video-preview":"max-video-preview:-1"},"canonical":"https:\/\/idcolor.ee\/lv\/produkts\/k18-peptide-prep-dzili-attiross-sampuns-copy\/","og_locale":"lv_LV","og_type":"article","og_title":"K18 PEPTIDE PREP\u2122 dzi\u013ci att\u012bro\u0161s \u0161amp\u016bns - iD Color","og_description":"Efekt\u012bvi no\u0146em uzkr\u0101ju\u0161\u0101s vielas, neboj\u0101jot kr\u0101su.","og_url":"https:\/\/idcolor.ee\/lv\/produkts\/k18-peptide-prep-dzili-attiross-sampuns-copy\/","og_site_name":"iD Color","article_modified_time":"2026-03-11T10:34:19+00:00","og_image":[{"width":1080,"height":1080,"url":"https:\/\/idcolor.ee\/wp-content\/uploads\/2026\/03\/K18_PeptidePrep_DetoxShampoo_473ml.jpg","type":"image\/jpeg"}],"twitter_card":"summary_large_image","twitter_misc":{"Est. reading time":"3 minutes"},"schema":{"@context":"https:\/\/schema.org","@graph":[{"@type":"WebPage","@id":"https:\/\/idcolor.ee\/lv\/produkts\/k18-peptide-prep-dzili-attiross-sampuns-copy\/","url":"https:\/\/idcolor.ee\/lv\/produkts\/k18-peptide-prep-dzili-attiross-sampuns-copy\/","name":"K18 PEPTIDE PREP\u2122 dzi\u013ci att\u012bro\u0161s \u0161amp\u016bns - iD Color","isPartOf":{"@id":"https:\/\/idcolor.ee\/lv\/#website"},"primaryImageOfPage":{"@id":"https:\/\/idcolor.ee\/lv\/produkts\/k18-peptide-prep-dzili-attiross-sampuns-copy\/#primaryimage"},"image":{"@id":"https:\/\/idcolor.ee\/lv\/produkts\/k18-peptide-prep-dzili-attiross-sampuns-copy\/#primaryimage"},"thumbnailUrl":"https:\/\/idcolor.ee\/wp-content\/uploads\/2026\/03\/K18_PeptidePrep_DetoxShampoo_473ml.jpg","datePublished":"2026-03-11T10:25:50+00:00","dateModified":"2026-03-11T10:34:19+00:00","description":"Efekt\u012bvi no\u0146em uzkr\u0101ju\u0161\u0101s vielas, neboj\u0101jot kr\u0101su.","breadcrumb":{"@id":"https:\/\/idcolor.ee\/lv\/produkts\/k18-peptide-prep-dzili-attiross-sampuns-copy\/#breadcrumb"},"inLanguage":"lv-LV","potentialAction":[{"@type":"ReadAction","target":["https:\/\/idcolor.ee\/lv\/produkts\/k18-peptide-prep-dzili-attiross-sampuns-copy\/"]}]},{"@type":"ImageObject","inLanguage":"lv-LV","@id":"https:\/\/idcolor.ee\/lv\/produkts\/k18-peptide-prep-dzili-attiross-sampuns-copy\/#primaryimage","url":"https:\/\/idcolor.ee\/wp-content\/uploads\/2026\/03\/K18_PeptidePrep_DetoxShampoo_473ml.jpg","contentUrl":"https:\/\/idcolor.ee\/wp-content\/uploads\/2026\/03\/K18_PeptidePrep_DetoxShampoo_473ml.jpg","width":1080,"height":1080},{"@type":"BreadcrumbList","@id":"https:\/\/idcolor.ee\/lv\/produkts\/k18-peptide-prep-dzili-attiross-sampuns-copy\/#breadcrumb","itemListElement":[{"@type":"ListItem","position":1,"name":"Home","item":"https:\/\/idcolor.ee\/lv\/majas-lapa\/"},{"@type":"ListItem","position":2,"name":"Shop","item":"https:\/\/idcolor.ee\/lv\/shop-2\/"},{"@type":"ListItem","position":3,"name":"K18 PEPTIDE PREP\u2122 dzi\u013ci att\u012bro\u0161s \u0161amp\u016bns"}]},{"@type":"WebSite","@id":"https:\/\/idcolor.ee\/lv\/#website","url":"https:\/\/idcolor.ee\/lv\/","name":"iD Color","description":"Hair care products","publisher":{"@id":"https:\/\/idcolor.ee\/lv\/#organization"},"potentialAction":[{"@type":"SearchAction","target":{"@type":"EntryPoint","urlTemplate":"https:\/\/idcolor.ee\/lv\/?s={search_term_string}"},"query-input":{"@type":"PropertyValueSpecification","valueRequired":true,"valueName":"search_term_string"}}],"inLanguage":"lv-LV"},{"@type":"Organization","@id":"https:\/\/idcolor.ee\/lv\/#organization","name":"iD Color O\u00dc","url":"https:\/\/idcolor.ee\/lv\/","logo":{"@type":"ImageObject","inLanguage":"lv-LV","@id":"https:\/\/idcolor.ee\/lv\/#\/schema\/logo\/image\/","url":"https:\/\/idcolor.ee\/wp-content\/uploads\/2022\/01\/IDColor_Logo_1000.png","contentUrl":"https:\/\/idcolor.ee\/wp-content\/uploads\/2022\/01\/IDColor_Logo_1000.png","width":1001,"height":354,"caption":"iD Color O\u00dc"},"image":{"@id":"https:\/\/idcolor.ee\/lv\/#\/schema\/logo\/image\/"}}]}},"_links":{"self":[{"href":"https:\/\/idcolor.ee\/lv\/wp-json\/wp\/v2\/product\/7723","targetHints":{"allow":["GET"]}}],"collection":[{"href":"https:\/\/idcolor.ee\/lv\/wp-json\/wp\/v2\/product"}],"about":[{"href":"https:\/\/idcolor.ee\/lv\/wp-json\/wp\/v2\/types\/product"}],"wp:featuredmedia":[{"embeddable":true,"href":"https:\/\/idcolor.ee\/lv\/wp-json\/wp\/v2\/media\/7727"}],"wp:attachment":[{"href":"https:\/\/idcolor.ee\/lv\/wp-json\/wp\/v2\/media?parent=7723"}],"wp:term":[{"taxonomy":"product_brand","embeddable":true,"href":"https:\/\/idcolor.ee\/lv\/wp-json\/wp\/v2\/product_brand?post=7723"},{"taxonomy":"product_cat","embeddable":true,"href":"https:\/\/idcolor.ee\/lv\/wp-json\/wp\/v2\/product_cat?post=7723"},{"taxonomy":"product_tag","embeddable":true,"href":"https:\/\/idcolor.ee\/lv\/wp-json\/wp\/v2\/product_tag?post=7723"}],"curies":[{"name":"wp","href":"https:\/\/api.w.org\/{rel}","templated":true}]}}