{"id":7862,"date":"2026-04-24T15:10:46","date_gmt":"2026-04-24T12:10:46","guid":{"rendered":"https:\/\/idcolor.ee\/product\/k18-triplebright-violetais-sampuns-aizsardzibai-pret-oksidaciju\/"},"modified":"2026-04-24T18:01:55","modified_gmt":"2026-04-24T15:01:55","slug":"k18-triplebright-violetais-sampuns-aizsardzibai-pret-oksidaciju","status":"publish","type":"product","link":"https:\/\/idcolor.ee\/lv\/produkts\/k18-triplebright-violetais-sampuns-aizsardzibai-pret-oksidaciju\/","title":{"rendered":"K18 TripleBright violetais \u0161amp\u016bns aizsardz\u012bbai pret oksid\u0101ciju"},"content":{"rendered":"<div class=\"wpb-content-wrapper\"><p>[vc_row][vc_column][vc_row_inner][vc_column_inner width=&#8221;1\/4&#8243; offset=&#8221;vc_hidden-sm vc_hidden-xs&#8221; css=&#8221;.vc_custom_1643102572855{padding-right: 40% !important;}&#8221;][vc_single_image image=&#8221;4767&#8243; img_size=&#8221;full&#8221;][vc_empty_space height=&#8221;20px&#8221;][\/vc_column_inner][vc_column_inner width=&#8221;3\/4&#8243; css=&#8221;.vc_custom_1643102537405{padding-right: 70% !important;}&#8221; offset=&#8221;vc_hidden-lg vc_hidden-md&#8221;][vc_single_image image=&#8221;4767&#8243; img_size=&#8221;full&#8221;][vc_empty_space height=&#8221;20px&#8221;][\/vc_column_inner][\/vc_row_inner]<div class=\"nasa-title clearfix nasa-t hr-type-none\"><h4 class=\"nasa-heading-title\"><span class=\"nasa-title-wrap\"><span style=\"color: #000000;\">K18 TripleBright violetais \u0161amp\u016bns aizsardz\u012bbai pret oksid\u0101ciju | 125 ml<\/span><\/span><\/h4><p class=\"nasa-title-desc\" style=\"color: #000000;\">SPILGT\u0100KA, NOTUR\u012aG\u0100KA BLOND\u0100 KR\u0100SA<\/p><\/div>[vc_empty_space height=&#8221;20px&#8221;][vc_separator][vc_empty_space height=&#8221;20px&#8221;][vc_column_text css=&#8221;&#8221;]<strong>Revolucion\u0101rs tr\u012bsk\u0101r\u0161as iedarb\u012bbas violetais \u0161amp\u016bns<\/strong> no\u0146em met\u0101lus + miner\u0101lus, neitraliz\u0113 eso\u0161o + aizsarg\u0101 pret turpm\u0101ku dzelten\u012bgo nokr\u0101su.[\/vc_column_text][vc_empty_space height=&#8221;25px&#8221;][vc_separator][vc_row_inner][vc_column_inner width=&#8221;1\/2&#8243;][vc_empty_space height=&#8221;20px&#8221;][vc_column_text css=&#8221;&#8221;]<\/p>\n<h4>KO T\u0100 DARA?<\/h4>\n<ul>\n<li>1 mazg\u0101\u0161anas reize no\u0146em cieta \u016bdens rad\u012bt\u0101s nogulsnes l\u012bdz pat 3 m\u0113ne\u0161iem. *<\/li>\n<li>Neitraliz\u0113 dzelten\u012bgo nokr\u0101su bez plankumiem vai p\u0101rton\u0113\u0161anas.<\/li>\n<li>Ide\u0101lais matu tonis tiek atjaunots un izl\u012bdzin\u0101ts. *<\/li>\n<li><strong>Viegli uzkl\u0101jamas putas.<\/strong><\/li>\n<\/ul>\n<p>[\/vc_column_text][vc_separator align=&#8221;align_left&#8221; el_width=&#8221;10&#8243; css=&#8221;.vc_custom_1777035597027{margin-top: 10px !important;}&#8221;][vc_column_text css=&#8221;&#8221;]<a href=\"https:\/\/www.k18hairpro.com\/pages\/disclaimers\" target=\"_blank\" rel=\"noopener\"><em>* k18hairpro.com\/disclaimers<\/em><\/a>[\/vc_column_text][vc_empty_space height=&#8221;15px&#8221;][vc_column_text css=&#8221;&#8221;]<\/p>\n<h4>K\u0100 T\u0100 STR\u0100D\u0100?<\/h4>\n<ul>\n<li>No\u0146em dzelten\u012bgo nokr\u0101su izraiso\u0161us met\u0101lus un miner\u0101lus ar <strong>jonu detoksik\u0101ciju.<\/strong><\/li>\n<li>Neitraliz\u0113 dzelten\u012bgumu ar <strong>prec\u012bzu violetas kr\u0101sas tehnolo\u0123iju,<\/strong> kas nerada plankumus un nep\u0101rton\u0113.<\/li>\n<li>Aizsarg\u0101 pret n\u0101kotnes dzelten\u012bgumu ar <strong>biopolim\u0113ru<\/strong>, kas pal\u012bdz nov\u0113rst met\u0101lu + miner\u0101lu atk\u0101rtotu uzkr\u0101\u0161anos mazg\u0101\u0161anas laik\u0101.<\/li>\n<\/ul>\n<p>[\/vc_column_text][vc_empty_space height=&#8221;15px&#8221;][vc_column_text css=&#8221;&#8221;]<\/p>\n<h4><strong>LIETO\u0160ANA<\/strong><\/h4>\n<p><strong>Lietojiet starp balin\u0101\u0161anas proced\u016br\u0101m, lai atsvaidzin\u0101tu spilgtumu.<\/strong><\/p>\n<ol>\n<li>Uzkl\u0101jiet putojo\u0161o \u0161amp\u016bnu uz mitriem matiem, vienm\u0113r\u012bgi sadalot, saputojot no sakn\u0113m l\u012bdz galiem.<\/li>\n<li>\u013baujiet iedarboties 1\u20133 min\u016btes.<\/li>\n<li>R\u016bp\u012bgi izskalo.<\/li>\n<\/ol>\n<p>[\/vc_column_text][\/vc_column_inner][vc_column_inner width=&#8221;1\/2&#8243;][vc_empty_space height=&#8221;25px&#8221;]    <div class=\"nasa-sc-carousel-main nasa-bullets-center\">\r\n                <div \r\n            class=\"nasa-slick-slider nasa-not-elementor-style nasa-slick-nav\"\r\n            data-autoplay=\"true\"\r\n            data-loop=\"true\"\r\n            data-speed=\"600\"\r\n            data-dot=\"true\"\r\n            data-columns=\"1\"\r\n            data-columns-small=\"1\"\r\n            data-columns-tablet=\"1\"\r\n            data-switch-tablet=\"767\"\r\n            data-switch-desktop=\"1024\"\r\n            >\r\n            [vc_single_image image=&#8221;7835&#8243; img_size=&#8221;full&#8221; alignment=&#8221;center&#8221; css=&#8221;&#8221;][vc_single_image image=&#8221;7836&#8243; img_size=&#8221;full&#8221; alignment=&#8221;center&#8221; css=&#8221;&#8221;][vc_single_image image=&#8221;7838&#8243; img_size=&#8221;full&#8221; alignment=&#8221;center&#8221; css=&#8221;&#8221;][vc_single_image image=&#8221;7839&#8243; img_size=&#8221;full&#8221; alignment=&#8221;center&#8221; css=&#8221;&#8221;][vc_single_image image=&#8221;7837&#8243; img_size=&#8221;full&#8221; alignment=&#8221;center&#8221; css=&#8221;&#8221;]        <\/div>\r\n    <\/div>\r\n    [\/vc_column_inner][\/vc_row_inner][vc_empty_space height=&#8221;25px&#8221;][vc_separator][vc_empty_space height=&#8221;20px&#8221;][vc_column_text]<\/p>\n<h4><strong>Lieto\u0161anas piesardz\u012bbas pas\u0101kumi:<\/strong><\/h4>\n<div class=\"accordion__copy--inner\" data-accordion-copy-text=\"\">\n<p>Izvairieties no saskares ar ac\u012bm. Tikai \u0101r\u012bgai lieto\u0161anai. Nev\u0113lamas reakcijas gad\u012bjum\u0101 p\u0101rtrauciet lieto\u0161anu un nekav\u0113joties sazinieties ar \u0101rstu. Glab\u0101jiet b\u0113rniem nepieejam\u0101 viet\u0101.<\/p>\n<\/div>\n<p>[\/vc_column_text][\/vc_column][\/vc_row]<\/p>\n<\/div>","protected":false},"excerpt":{"rendered":"<h5><strong>125 ml<\/strong><\/h5>\n<p><strong>SPILGT\u0100KA, NOTUR\u012aG\u0100KA BLOND\u0100 KR\u0100SA.<\/strong> Revolucion\u0101rs tr\u012bsk\u0101r\u0161as iedarb\u012bbas violetais \u0161amp\u016bns no\u0146em met\u0101lus + miner\u0101lus, neitraliz\u0113 eso\u0161o + aizsarg\u0101 pret turpm\u0101ku dzelten\u012bgo nokr\u0101su.<\/p>\n","protected":false},"featured_media":7861,"template":"","meta":[],"product_brand":[],"product_cat":[315],"product_tag":[],"class_list":{"0":"post-7862","1":"product","2":"type-product","3":"status-publish","4":"has-post-thumbnail","6":"product_cat-k18-hair-lv","8":"first","9":"instock","10":"taxable","11":"shipping-taxable","12":"purchasable","13":"product-type-simple"},"yoast_head":"<!-- This site is optimized with the Yoast SEO plugin v27.4 - https:\/\/yoast.com\/product\/yoast-seo-wordpress\/ -->\n<title>K18 K18 TripleBright violetais \u0161amp\u016bns aizsardz\u012bbai pret oksid\u0101ciju - iD Color<\/title>\n<meta name=\"description\" content=\"Revolucion\u0101rs tr\u012bsk\u0101r\u0161as iedarb\u012bbas violetais \u0161amp\u016bns no\u0146em met\u0101lus + miner\u0101lus, neitraliz\u0113 eso\u0161o + aizsarg\u0101 pret turpm\u0101ku dzelten\u012bgo nokr\u0101su.\" \/>\n<meta name=\"robots\" content=\"index, follow, max-snippet:-1, max-image-preview:large, max-video-preview:-1\" \/>\n<link rel=\"canonical\" href=\"https:\/\/idcolor.ee\/lv\/produkts\/k18-triplebright-violetais-sampuns-aizsardzibai-pret-oksidaciju\/\" \/>\n<meta property=\"og:locale\" content=\"lv_LV\" \/>\n<meta property=\"og:type\" content=\"article\" \/>\n<meta property=\"og:title\" content=\"K18 K18 TripleBright violetais \u0161amp\u016bns aizsardz\u012bbai pret oksid\u0101ciju - iD Color\" \/>\n<meta property=\"og:description\" content=\"Revolucion\u0101rs tr\u012bsk\u0101r\u0161as iedarb\u012bbas violetais \u0161amp\u016bns no\u0146em met\u0101lus + miner\u0101lus, neitraliz\u0113 eso\u0161o + aizsarg\u0101 pret turpm\u0101ku dzelten\u012bgo nokr\u0101su.\" \/>\n<meta property=\"og:url\" content=\"https:\/\/idcolor.ee\/lv\/produkts\/k18-triplebright-violetais-sampuns-aizsardzibai-pret-oksidaciju\/\" \/>\n<meta property=\"og:site_name\" content=\"iD Color\" \/>\n<meta property=\"article:modified_time\" content=\"2026-04-24T15:01:55+00:00\" \/>\n<meta property=\"og:image\" content=\"https:\/\/idcolor.ee\/wp-content\/uploads\/2026\/04\/K18_TripleBright_125ml.jpg\" \/>\n\t<meta property=\"og:image:width\" content=\"1080\" \/>\n\t<meta property=\"og:image:height\" content=\"1080\" \/>\n\t<meta property=\"og:image:type\" content=\"image\/jpeg\" \/>\n<meta name=\"twitter:card\" content=\"summary_large_image\" \/>\n<meta name=\"twitter:label1\" content=\"Est. reading time\" \/>\n\t<meta name=\"twitter:data1\" content=\"3 minutes\" \/>\n<script type=\"application\/ld+json\" class=\"yoast-schema-graph\">{\"@context\":\"https:\\\/\\\/schema.org\",\"@graph\":[{\"@type\":\"WebPage\",\"@id\":\"https:\\\/\\\/idcolor.ee\\\/lv\\\/produkts\\\/k18-triplebright-violetais-sampuns-aizsardzibai-pret-oksidaciju\\\/\",\"url\":\"https:\\\/\\\/idcolor.ee\\\/lv\\\/produkts\\\/k18-triplebright-violetais-sampuns-aizsardzibai-pret-oksidaciju\\\/\",\"name\":\"K18 K18 TripleBright violetais \u0161amp\u016bns aizsardz\u012bbai pret oksid\u0101ciju - iD Color\",\"isPartOf\":{\"@id\":\"https:\\\/\\\/idcolor.ee\\\/lv\\\/#website\"},\"primaryImageOfPage\":{\"@id\":\"https:\\\/\\\/idcolor.ee\\\/lv\\\/produkts\\\/k18-triplebright-violetais-sampuns-aizsardzibai-pret-oksidaciju\\\/#primaryimage\"},\"image\":{\"@id\":\"https:\\\/\\\/idcolor.ee\\\/lv\\\/produkts\\\/k18-triplebright-violetais-sampuns-aizsardzibai-pret-oksidaciju\\\/#primaryimage\"},\"thumbnailUrl\":\"https:\\\/\\\/idcolor.ee\\\/wp-content\\\/uploads\\\/2026\\\/04\\\/K18_TripleBright_125ml.jpg\",\"datePublished\":\"2026-04-24T12:10:46+00:00\",\"dateModified\":\"2026-04-24T15:01:55+00:00\",\"description\":\"Revolucion\u0101rs tr\u012bsk\u0101r\u0161as iedarb\u012bbas violetais \u0161amp\u016bns no\u0146em met\u0101lus + miner\u0101lus, neitraliz\u0113 eso\u0161o + aizsarg\u0101 pret turpm\u0101ku dzelten\u012bgo nokr\u0101su.\",\"breadcrumb\":{\"@id\":\"https:\\\/\\\/idcolor.ee\\\/lv\\\/produkts\\\/k18-triplebright-violetais-sampuns-aizsardzibai-pret-oksidaciju\\\/#breadcrumb\"},\"inLanguage\":\"lv-LV\",\"potentialAction\":[{\"@type\":\"ReadAction\",\"target\":[\"https:\\\/\\\/idcolor.ee\\\/lv\\\/produkts\\\/k18-triplebright-violetais-sampuns-aizsardzibai-pret-oksidaciju\\\/\"]}]},{\"@type\":\"ImageObject\",\"inLanguage\":\"lv-LV\",\"@id\":\"https:\\\/\\\/idcolor.ee\\\/lv\\\/produkts\\\/k18-triplebright-violetais-sampuns-aizsardzibai-pret-oksidaciju\\\/#primaryimage\",\"url\":\"https:\\\/\\\/idcolor.ee\\\/wp-content\\\/uploads\\\/2026\\\/04\\\/K18_TripleBright_125ml.jpg\",\"contentUrl\":\"https:\\\/\\\/idcolor.ee\\\/wp-content\\\/uploads\\\/2026\\\/04\\\/K18_TripleBright_125ml.jpg\",\"width\":1080,\"height\":1080},{\"@type\":\"BreadcrumbList\",\"@id\":\"https:\\\/\\\/idcolor.ee\\\/lv\\\/produkts\\\/k18-triplebright-violetais-sampuns-aizsardzibai-pret-oksidaciju\\\/#breadcrumb\",\"itemListElement\":[{\"@type\":\"ListItem\",\"position\":1,\"name\":\"Home\",\"item\":\"https:\\\/\\\/idcolor.ee\\\/lv\\\/majas-lapa\\\/\"},{\"@type\":\"ListItem\",\"position\":2,\"name\":\"Shop\",\"item\":\"https:\\\/\\\/idcolor.ee\\\/lv\\\/shop-2\\\/\"},{\"@type\":\"ListItem\",\"position\":3,\"name\":\"K18 TripleBright violetais \u0161amp\u016bns aizsardz\u012bbai pret oksid\u0101ciju\"}]},{\"@type\":\"WebSite\",\"@id\":\"https:\\\/\\\/idcolor.ee\\\/lv\\\/#website\",\"url\":\"https:\\\/\\\/idcolor.ee\\\/lv\\\/\",\"name\":\"iD Color\",\"description\":\"Hair care products\",\"publisher\":{\"@id\":\"https:\\\/\\\/idcolor.ee\\\/lv\\\/#organization\"},\"potentialAction\":[{\"@type\":\"SearchAction\",\"target\":{\"@type\":\"EntryPoint\",\"urlTemplate\":\"https:\\\/\\\/idcolor.ee\\\/lv\\\/?s={search_term_string}\"},\"query-input\":{\"@type\":\"PropertyValueSpecification\",\"valueRequired\":true,\"valueName\":\"search_term_string\"}}],\"inLanguage\":\"lv-LV\"},{\"@type\":\"Organization\",\"@id\":\"https:\\\/\\\/idcolor.ee\\\/lv\\\/#organization\",\"name\":\"iD Color O\u00dc\",\"url\":\"https:\\\/\\\/idcolor.ee\\\/lv\\\/\",\"logo\":{\"@type\":\"ImageObject\",\"inLanguage\":\"lv-LV\",\"@id\":\"https:\\\/\\\/idcolor.ee\\\/lv\\\/#\\\/schema\\\/logo\\\/image\\\/\",\"url\":\"https:\\\/\\\/idcolor.ee\\\/wp-content\\\/uploads\\\/2022\\\/01\\\/IDColor_Logo_1000.png\",\"contentUrl\":\"https:\\\/\\\/idcolor.ee\\\/wp-content\\\/uploads\\\/2022\\\/01\\\/IDColor_Logo_1000.png\",\"width\":1001,\"height\":354,\"caption\":\"iD Color O\u00dc\"},\"image\":{\"@id\":\"https:\\\/\\\/idcolor.ee\\\/lv\\\/#\\\/schema\\\/logo\\\/image\\\/\"}}]}<\/script>\n<!-- \/ Yoast SEO plugin. -->","yoast_head_json":{"title":"K18 K18 TripleBright violetais \u0161amp\u016bns aizsardz\u012bbai pret oksid\u0101ciju - iD Color","description":"Revolucion\u0101rs tr\u012bsk\u0101r\u0161as iedarb\u012bbas violetais \u0161amp\u016bns no\u0146em met\u0101lus + miner\u0101lus, neitraliz\u0113 eso\u0161o + aizsarg\u0101 pret turpm\u0101ku dzelten\u012bgo nokr\u0101su.","robots":{"index":"index","follow":"follow","max-snippet":"max-snippet:-1","max-image-preview":"max-image-preview:large","max-video-preview":"max-video-preview:-1"},"canonical":"https:\/\/idcolor.ee\/lv\/produkts\/k18-triplebright-violetais-sampuns-aizsardzibai-pret-oksidaciju\/","og_locale":"lv_LV","og_type":"article","og_title":"K18 K18 TripleBright violetais \u0161amp\u016bns aizsardz\u012bbai pret oksid\u0101ciju - iD Color","og_description":"Revolucion\u0101rs tr\u012bsk\u0101r\u0161as iedarb\u012bbas violetais \u0161amp\u016bns no\u0146em met\u0101lus + miner\u0101lus, neitraliz\u0113 eso\u0161o + aizsarg\u0101 pret turpm\u0101ku dzelten\u012bgo nokr\u0101su.","og_url":"https:\/\/idcolor.ee\/lv\/produkts\/k18-triplebright-violetais-sampuns-aizsardzibai-pret-oksidaciju\/","og_site_name":"iD Color","article_modified_time":"2026-04-24T15:01:55+00:00","og_image":[{"width":1080,"height":1080,"url":"https:\/\/idcolor.ee\/wp-content\/uploads\/2026\/04\/K18_TripleBright_125ml.jpg","type":"image\/jpeg"}],"twitter_card":"summary_large_image","twitter_misc":{"Est. reading time":"3 minutes"},"schema":{"@context":"https:\/\/schema.org","@graph":[{"@type":"WebPage","@id":"https:\/\/idcolor.ee\/lv\/produkts\/k18-triplebright-violetais-sampuns-aizsardzibai-pret-oksidaciju\/","url":"https:\/\/idcolor.ee\/lv\/produkts\/k18-triplebright-violetais-sampuns-aizsardzibai-pret-oksidaciju\/","name":"K18 K18 TripleBright violetais \u0161amp\u016bns aizsardz\u012bbai pret oksid\u0101ciju - iD Color","isPartOf":{"@id":"https:\/\/idcolor.ee\/lv\/#website"},"primaryImageOfPage":{"@id":"https:\/\/idcolor.ee\/lv\/produkts\/k18-triplebright-violetais-sampuns-aizsardzibai-pret-oksidaciju\/#primaryimage"},"image":{"@id":"https:\/\/idcolor.ee\/lv\/produkts\/k18-triplebright-violetais-sampuns-aizsardzibai-pret-oksidaciju\/#primaryimage"},"thumbnailUrl":"https:\/\/idcolor.ee\/wp-content\/uploads\/2026\/04\/K18_TripleBright_125ml.jpg","datePublished":"2026-04-24T12:10:46+00:00","dateModified":"2026-04-24T15:01:55+00:00","description":"Revolucion\u0101rs tr\u012bsk\u0101r\u0161as iedarb\u012bbas violetais \u0161amp\u016bns no\u0146em met\u0101lus + miner\u0101lus, neitraliz\u0113 eso\u0161o + aizsarg\u0101 pret turpm\u0101ku dzelten\u012bgo nokr\u0101su.","breadcrumb":{"@id":"https:\/\/idcolor.ee\/lv\/produkts\/k18-triplebright-violetais-sampuns-aizsardzibai-pret-oksidaciju\/#breadcrumb"},"inLanguage":"lv-LV","potentialAction":[{"@type":"ReadAction","target":["https:\/\/idcolor.ee\/lv\/produkts\/k18-triplebright-violetais-sampuns-aizsardzibai-pret-oksidaciju\/"]}]},{"@type":"ImageObject","inLanguage":"lv-LV","@id":"https:\/\/idcolor.ee\/lv\/produkts\/k18-triplebright-violetais-sampuns-aizsardzibai-pret-oksidaciju\/#primaryimage","url":"https:\/\/idcolor.ee\/wp-content\/uploads\/2026\/04\/K18_TripleBright_125ml.jpg","contentUrl":"https:\/\/idcolor.ee\/wp-content\/uploads\/2026\/04\/K18_TripleBright_125ml.jpg","width":1080,"height":1080},{"@type":"BreadcrumbList","@id":"https:\/\/idcolor.ee\/lv\/produkts\/k18-triplebright-violetais-sampuns-aizsardzibai-pret-oksidaciju\/#breadcrumb","itemListElement":[{"@type":"ListItem","position":1,"name":"Home","item":"https:\/\/idcolor.ee\/lv\/majas-lapa\/"},{"@type":"ListItem","position":2,"name":"Shop","item":"https:\/\/idcolor.ee\/lv\/shop-2\/"},{"@type":"ListItem","position":3,"name":"K18 TripleBright violetais \u0161amp\u016bns aizsardz\u012bbai pret oksid\u0101ciju"}]},{"@type":"WebSite","@id":"https:\/\/idcolor.ee\/lv\/#website","url":"https:\/\/idcolor.ee\/lv\/","name":"iD Color","description":"Hair care products","publisher":{"@id":"https:\/\/idcolor.ee\/lv\/#organization"},"potentialAction":[{"@type":"SearchAction","target":{"@type":"EntryPoint","urlTemplate":"https:\/\/idcolor.ee\/lv\/?s={search_term_string}"},"query-input":{"@type":"PropertyValueSpecification","valueRequired":true,"valueName":"search_term_string"}}],"inLanguage":"lv-LV"},{"@type":"Organization","@id":"https:\/\/idcolor.ee\/lv\/#organization","name":"iD Color O\u00dc","url":"https:\/\/idcolor.ee\/lv\/","logo":{"@type":"ImageObject","inLanguage":"lv-LV","@id":"https:\/\/idcolor.ee\/lv\/#\/schema\/logo\/image\/","url":"https:\/\/idcolor.ee\/wp-content\/uploads\/2022\/01\/IDColor_Logo_1000.png","contentUrl":"https:\/\/idcolor.ee\/wp-content\/uploads\/2022\/01\/IDColor_Logo_1000.png","width":1001,"height":354,"caption":"iD Color O\u00dc"},"image":{"@id":"https:\/\/idcolor.ee\/lv\/#\/schema\/logo\/image\/"}}]}},"_links":{"self":[{"href":"https:\/\/idcolor.ee\/lv\/wp-json\/wp\/v2\/product\/7862","targetHints":{"allow":["GET"]}}],"collection":[{"href":"https:\/\/idcolor.ee\/lv\/wp-json\/wp\/v2\/product"}],"about":[{"href":"https:\/\/idcolor.ee\/lv\/wp-json\/wp\/v2\/types\/product"}],"wp:featuredmedia":[{"embeddable":true,"href":"https:\/\/idcolor.ee\/lv\/wp-json\/wp\/v2\/media\/7861"}],"wp:attachment":[{"href":"https:\/\/idcolor.ee\/lv\/wp-json\/wp\/v2\/media?parent=7862"}],"wp:term":[{"taxonomy":"product_brand","embeddable":true,"href":"https:\/\/idcolor.ee\/lv\/wp-json\/wp\/v2\/product_brand?post=7862"},{"taxonomy":"product_cat","embeddable":true,"href":"https:\/\/idcolor.ee\/lv\/wp-json\/wp\/v2\/product_cat?post=7862"},{"taxonomy":"product_tag","embeddable":true,"href":"https:\/\/idcolor.ee\/lv\/wp-json\/wp\/v2\/product_tag?post=7862"}],"curies":[{"name":"wp","href":"https:\/\/api.w.org\/{rel}","templated":true}]}}